{"id":444,"date":"2026-03-19T13:26:48","date_gmt":"2026-03-19T12:26:48","guid":{"rendered":"https:\/\/e-ochronaroslin.pl\/?page_id=444"},"modified":"2026-03-19T13:26:48","modified_gmt":"2026-03-19T12:26:48","slug":"ferdygacja","status":"publish","type":"page","link":"https:\/\/e-ochronaroslin.pl\/?page_id=444","title":{"rendered":"Ferdygacja"},"content":{"rendered":"<h2>SERIA PROFERTI Plus<\/h2>\n<table class=\"table table-hover table-bordered\">\n<thead>\n<tr class=\"success\">\n<td><strong>ProFerti Plus<\/strong><\/td>\n<td><strong>N<\/strong><\/td>\n<td><strong>P2O5<\/strong><\/td>\n<td><strong>K2O<\/strong><\/td>\n<td><strong>MgO<\/strong><\/td>\n<td><strong>SO3<\/strong><\/td>\n<td><strong>B<\/strong><\/td>\n<td><strong>Cu<\/strong><\/td>\n<td><strong>Fe<\/strong><\/td>\n<td><strong>Mn<\/strong><\/td>\n<td><strong>Mo<\/strong><\/td>\n<td><strong>Zn<\/strong><\/td>\n<\/tr>\n<\/thead>\n<tbody>\n<tr>\n<td><strong>9\/10\/36<\/strong><\/td>\n<td>9<\/td>\n<td>10<\/td>\n<td>36<\/td>\n<td>2<\/td>\n<td>6<\/td>\n<td>0,02<\/td>\n<td>0,01<\/td>\n<td>0,15<\/td>\n<td>0,1<\/td>\n<td>0,003<\/td>\n<td>0,025<\/td>\n<\/tr>\n<tr>\n<td><strong>4\/40\/13<\/strong><\/td>\n<td>4<\/td>\n<td>40<\/td>\n<td>13<\/td>\n<td>5<\/td>\n<td>11<\/td>\n<td>0,02<\/td>\n<td>0,01<\/td>\n<td>0,15<\/td>\n<td>0,1<\/td>\n<td>0,003<\/td>\n<td>0,025<\/td>\n<\/tr>\n<tr>\n<td><strong>17\/17\/17<\/strong><\/td>\n<td>17<\/td>\n<td>17<\/td>\n<td>17<\/td>\n<td>0<\/td>\n<td>0<\/td>\n<td>0,02<\/td>\n<td>0,01<\/td>\n<td>0,15<\/td>\n<td>0,1<\/td>\n<td>0,003<\/td>\n<td>\n<p>0,025<\/p>\n<\/td>\n<\/tr>\n<\/tbody>\n<\/table>\n\n\n<p>Saletra Porasowa  13N  46K<\/p>\n\n\n\n<p>Saletra wapniowa 15N 26Cao <\/p>\n\n\n\n<p>Saletra wapniowa PASP   15N 26Cao  + mikro<\/p>\n\n\n\n<p>Siarczan Mg   16Mg<\/p>\n\n\n\n<p><\/p>\n\n\n\n<h2 class=\"wp-block-heading\">Seria Timac KSC<\/h2>\n\n\n\n<p>KSC 1  14-40-5 + mikro<\/p>\n\n\n\n<p>KSC 2  23-5-5 + mikro<\/p>\n\n\n\n<p>KSC 3  15-5-35 + mikro<\/p>\n\n\n\n<p>KSC 4  0-32-40 + mikro<\/p>\n\n\n\n<p>KSC 5  8-16-42 + mikro<\/p>\n\n\n\n<p>KSC 6  14-12-14 + mikro<\/p>\n\n\n\n<p>KSC 7   15-0-9 + 20 Cao<\/p>\n\n\n\n<p>KSC Mix 13Mg + Mikro<\/p>\n\n\n\n<p>ADUR  15Cao<\/p>\n\n\n\n<p>INFOLEN  19N + 5 Mg  Szybki azot<\/p>\n\n\n\n<p>Doskona\u0142a rozpuszczalno\u015b\u0107<\/p>\n\n\n\n<p>Nawozy z gamy KSC charakteryzuj\u0105 si\u0119 doskona\u0142\u0105 rozpuszczalno\u015bci\u0105 w wodzie na poziomie powy\u017cej 99,8% co stanowi doskona\u0142e rozwi\u0105zanie przy fertygacji.<\/p>\n\n\n\n<p>Dzia\u0142anie buforuj\u0105ce<\/p>\n\n\n\n<p>Nawozy KSC PHYTACTYL zapewniaj\u0105 optymalne pobieranie sk\u0142adnik\u00f3w od\u017cywczych. KSC PHYTACTYL nie wp\u0142ywa na pH w najcz\u0119\u015bciej stosowanych st\u0119\u017ceniach &#8211; posiada w\u0142a\u015bciwo\u015bci buforuj\u0105ce co przek\u0142ada si\u0119 na maksymalne wykorzystanie po\u017cywki.<\/p>\n\n\n\n<p>Optymalne od\u017cywienie ro\u015blin<\/p>\n\n\n\n<p>Specjalnie opracowana formu\u0142a oparta na surowcach najwy\u017cszej jako\u015bci w po\u0142\u0105czeniu z szybko dost\u0119pnymi formami azotu oraz schelatyzowanymi mikroelementami wp\u0142ywa na najbardziej zoptymalizowane od\u017cywienie ro\u015blin w poszczeg\u00f3lnych fazach rozwojowych.<\/p>\n\n\n\n<p><\/p>\n\n\n\n<h2 class=\"wp-block-heading\">ProFerti Plus<\/h2>\n\n\n\n<p><strong>Krystaliczne nawozy w&nbsp;pe\u0142ni rozpuszczalne w&nbsp;wodzie do fertygacji w&nbsp;pod\u0142o\u017cach inertnych, organicznych i&nbsp;w&nbsp;gruncie.<\/strong><strong><\/strong><\/p>\n\n\n\n<p>Optymaln\u0105 metod\u0105 dostarczania sk\u0142adnik\u00f3w pokarmowych jest fertygacja, czyli podlewanie ro\u015blin roztworem nawoz\u00f3w. Metoda ta jest standardem w&nbsp;uprawach pod os\u0142onami. Produkty&nbsp;<strong>ProFerti Plus&nbsp;<\/strong>wychodz\u0105 naprzeciw oczekiwaniom producent\u00f3w warzyw w&nbsp;tunelach foliowych i&nbsp;innych upraw z&nbsp;systemami fertygacji. Ka\u017cdy ze sk\u0142adnik\u00f3w produktu zosta\u0142 opracowany z&nbsp;najwi\u0119ksz\u0105 staranno\u015bci\u0105 tak aby zaspokoi\u0107 potrzeby nawozowe r\u00f3\u017cnych gatunk\u00f3w ro\u015blin uprawnych. Wymagania nawozowe s\u0105 bardzo r\u00f3\u017cne w&nbsp;obr\u0119bie nawet tego samego gatunku. Odmiany charakteryzuj\u0105 si\u0119 zmiennym zapotrzebowaniem na wybrane sk\u0142adniki pokarmowe w&nbsp;zale\u017cno\u015bci od okresu uprawy, pod\u0142o\u017ca, warunk\u00f3w temperaturowych itd. Aby \u0142atwo dostosowa\u0107 nawo\u017cenie do potrzeb pokarmowych opracowali\u015bmy nawozy o&nbsp;optymalnym sk\u0142adzie: zr\u00f3wnowa\u017cony, fosforowy i&nbsp;potasowy. Dysponuj\u0105c dodatkowo saletr\u0105 wapniow\u0105 i&nbsp;siarczanem magnezu jeste\u015bmy w&nbsp;stanie zaspokoi\u0107 wymagania pokarmowe wi\u0119kszo\u015bci ro\u015blin uprawnych.<\/p>\n\n\n\n<h5 class=\"wp-block-heading\">ZALECENIA, NAWO\u017bENIE WARZYW W&nbsp;TRAKCIE PRODUKCJI ROZSADY<\/h5>\n\n\n\n<p>Po 10-14 dniach od posadzenia ro\u015blin do doniczek lub multiplat\u00f3w, a&nbsp;w&nbsp;przypadku gdy produkujemy rozsad\u0119 bez przesadzania po 14-18 dniach od wysiewu rozpoczynamy podlewanie roztworem nawoz\u00f3w. Do pierwszego nawo\u017cenia wykorzystujemy&nbsp;<strong>ProFerti Plus 4-40-13+mikro<\/strong>&nbsp;w&nbsp;st\u0119\u017ceniu 0,1%, na zmian\u0119 z&nbsp;saletr\u0105 wapniow\u0105 (0,07%).<\/p>\n\n\n\n<h5 class=\"wp-block-heading\">PRZYGOTOWANIE POD\u0141O\u017bA DO POSADZENIA RO\u015aLIN NA MIEJSCU STA\u0141YM<\/h5>\n\n\n\n<p>Dawk\u0119 nawozu ustalamy na podstawie wyniku analizy gleby. W&nbsp;przypadku jej braku na powierzchni\u0119 100 m2 tunelu nale\u017cy zastosowa\u0107 6-12&nbsp;kg&nbsp;<a href=\"https:\/\/horti.procam.pl\/produkty-pro-horti-complex\/\">Pro Horti Complex<\/a>&nbsp;lub Blaucorn Classic. Na glebach ci\u0119\u017ckich stosujemy g\u00f3rne dawki nawozu, na lekkich dolne. Je\u017celi tunel zosta\u0142 odkryty na zim\u0119 to prawdopodobnie azot przemie\u015bci\u0142 si\u0119 w&nbsp;g\u0142\u0119bsze warstwy gleby i&nbsp;nale\u017cy zastosowa\u0107 3-5&nbsp;kg\/100&nbsp;m2 azotu w&nbsp;postaci saletry wapniowej &#8211; przy niskim poziomie wapnia, z&nbsp;kolei przy wysokim pH &#8211; w&nbsp;postaci saletry amonowej.<\/p>\n\n\n\n<h5 class=\"wp-block-heading\">Nawo\u017cenie w&nbsp;trakcie wegetacji<\/h5>\n\n\n\n<p>Wy\u017csze st\u0119\u017cenia po\u017cywki i&nbsp;wi\u0119ksze wahania wilgotno\u015bci pod\u0142o\u017ca stosujemy w&nbsp;przypadku uprawy odmian o&nbsp;wegetatywnym wzro\u015bcie. Taki spos\u00f3b fertygacji zmusza ro\u015bliny do generatywno\u015bci. Zbyt intensywny wzrost op\u00f3\u017ania owocowanie i&nbsp;wp\u0142ywa na wielko\u015b\u0107 i&nbsp;jako\u015b\u0107 plonu. Przy odmianach generatywnych \u2013 tendencja do ma\u0142ej powierzchni asymilacyjnej i&nbsp;du\u017cej liczby owoc\u00f3w \u2013 zachowujemy si\u0119 zupe\u0142nie odwrotnie: utrzymujemy wysok\u0105 i&nbsp;r\u00f3wnomiern\u0105 wilgotno\u015b\u0107 pod\u0142o\u017ca \u2013 cz\u0119ste i&nbsp;ma\u0142e dawki polewowe przy niskim EC po\u017cywki. Takie traktowanie ro\u015blin pobudza wzrost wegetatywny i&nbsp;utrzymuje odpowiedni balans pomi\u0119dzy mas\u0105 li\u015bciow\u0105 i&nbsp;owocami. Podczas ciemnych, ch\u0142odnych dni podajemy wy\u017csze st\u0119\u017cenia po\u017cywki, a&nbsp;odwrotnie przy s\u0142onecznych i&nbsp;ciep\u0142ych. Nale\u017cy pami\u0119ta\u0107, \u017ce podany program nawo\u017cenia jest baz\u0105 i&nbsp;w&nbsp;zale\u017cno\u015bci od czynnik\u00f3w pogodowych, glebowych oraz&nbsp;odmianowych mo\u017ce ulega\u0107 zmianom.<br>Nawozy&nbsp;<strong>PROFERTI PLUS<\/strong>&nbsp;polecane s\u0105 do przygotowania roztwor\u00f3w gotowych do nawo\u017cenia lub roztwor\u00f3w st\u0119\u017conych \u2013 stosowanych do rozcie\u0144czania przed podaniem ro\u015blinom.<\/p>\n\n\n\n<p><\/p>\n","protected":false},"excerpt":{"rendered":"<p>SERIA PROFERTI Plus ProFerti Plus N P2O5 K2O MgO SO3 B Cu Fe Mn Mo Zn 9\/10\/36 9 10 36 2 6 0,02 0,01 0,15 0,1 0,003 0,025 4\/40\/13 4 &#8230;<\/p>\n","protected":false},"author":1,"featured_media":0,"parent":0,"menu_order":0,"comment_status":"closed","ping_status":"closed","template":"","meta":{"footnotes":""},"class_list":["post-444","page","type-page","status-publish","hentry"],"_links":{"self":[{"href":"https:\/\/e-ochronaroslin.pl\/index.php?rest_route=\/wp\/v2\/pages\/444","targetHints":{"allow":["GET"]}}],"collection":[{"href":"https:\/\/e-ochronaroslin.pl\/index.php?rest_route=\/wp\/v2\/pages"}],"about":[{"href":"https:\/\/e-ochronaroslin.pl\/index.php?rest_route=\/wp\/v2\/types\/page"}],"author":[{"embeddable":true,"href":"https:\/\/e-ochronaroslin.pl\/index.php?rest_route=\/wp\/v2\/users\/1"}],"replies":[{"embeddable":true,"href":"https:\/\/e-ochronaroslin.pl\/index.php?rest_route=%2Fwp%2Fv2%2Fcomments&post=444"}],"version-history":[{"count":1,"href":"https:\/\/e-ochronaroslin.pl\/index.php?rest_route=\/wp\/v2\/pages\/444\/revisions"}],"predecessor-version":[{"id":446,"href":"https:\/\/e-ochronaroslin.pl\/index.php?rest_route=\/wp\/v2\/pages\/444\/revisions\/446"}],"wp:attachment":[{"href":"https:\/\/e-ochronaroslin.pl\/index.php?rest_route=%2Fwp%2Fv2%2Fmedia&parent=444"}],"curies":[{"name":"wp","href":"https:\/\/api.w.org\/{rel}","templated":true}]}}