{"id":432,"date":"2026-03-06T07:43:25","date_gmt":"2026-03-06T06:43:25","guid":{"rendered":"https:\/\/e-ochronaroslin.pl\/?page_id=432"},"modified":"2026-03-06T09:40:42","modified_gmt":"2026-03-06T08:40:42","slug":"sekator-elektryczny-felco-2e","status":"publish","type":"page","link":"https:\/\/e-ochronaroslin.pl\/?page_id=432","title":{"rendered":"Sekator elektryczny Felco 2e"},"content":{"rendered":"<section id=\"shopify-section-template--26457267110268__landing_product_APyfNz\" class=\"shopify-section section\">\n<div class=\"section--padding landing-product landing-felco2e\">\n<div class=\"page-width\">\n<div class=\"landing-product__desktop\">\n<div class=\"landing-product__content\">\n<div class=\"landing-product__image-container\">\n<div class=\"landing-product__image-wrapper\"><img fetchpriority=\"high\" decoding=\"async\" class=\"landing-product__image\" src=\"https:\/\/eu.felco.com\/cdn\/shop\/files\/Image_Group_1.webp?v=1771580856&amp;width=3840\" srcset=\"\/\/eu.felco.com\/cdn\/shop\/files\/Image_Group_1.webp?v=1771580856&amp;width=375 375w, \/\/eu.felco.com\/cdn\/shop\/files\/Image_Group_1.webp?v=1771580856&amp;width=550 550w, \/\/eu.felco.com\/cdn\/shop\/files\/Image_Group_1.webp?v=1771580856&amp;width=750 750w, \/\/eu.felco.com\/cdn\/shop\/files\/Image_Group_1.webp?v=1771580856&amp;width=1100 1100w, \/\/eu.felco.com\/cdn\/shop\/files\/Image_Group_1.webp?v=1771580856&amp;width=1500 1500w, \/\/eu.felco.com\/cdn\/shop\/files\/Image_Group_1.webp?v=1771580856&amp;width=1780 1780w, \/\/eu.felco.com\/cdn\/shop\/files\/Image_Group_1.webp?v=1771580856&amp;width=2000 2000w, \/\/eu.felco.com\/cdn\/shop\/files\/Image_Group_1.webp?v=1771580856&amp;width=3000 3000w, \/\/eu.felco.com\/cdn\/shop\/files\/Image_Group_1.webp?v=1771580856&amp;width=3840 3840w\" width=\"3840\" height=\"2560\" \/><\/div>\n<h2 class=\"landing-product__heading landing-heading_2\">Nasze nowe FELCO 2e<\/h2>\n<h2><span style=\"color: #ff0000;\">PROMOCJA CENA 950 z\u0142 brutto<\/span><\/h2>\n<ul>\n<li>Waga 880g<\/li>\n<li>\u015arednica ci\u0119cia 25\/27mm<\/li>\n<li>Progresywne ci\u0119cie\u00a0<\/li>\n<li>Ochrona dotkni\u0119cia palcem ostrza<\/li>\n<li>Akumulator 3Ah\u00a0 &#8211; do 3000 ci\u0119\u0107<\/li>\n<\/ul>\n<div class=\"landing-product__hotspot landing-product__hotspot--left\">\n<div class=\"landing-product__hotspot-content\">\n<p class=\"landing-product__hotspot-title text_l fw-600\">Ostrza z technologi\u0105 F-Tech<\/p>\n<p class=\"landing-product__hotspot-subtitle text_b\">Kontrolowane ci\u0119cie, kt\u00f3re wspiera zdrowy wzrost ro\u015blin.<\/p>\n<div class=\"landing-product__hotspot-icon landing-product__hotspot-icon--pointing-upwards\">\n<div class=\"hotspot-icon_wrapper\">\u00a0<\/div>\n<\/div>\n<\/div>\n<\/div>\n<div class=\"landing-product__hotspot landing-product__hotspot--right\">\n<div class=\"landing-product__hotspot-content\">\n<p class=\"landing-product__hotspot-title text_l fw-600\">Zbudowane, aby s\u0142u\u017cy\u0107 przez dziesi\u0119ciolecia.<\/p>\n<p class=\"landing-product__hotspot-subtitle text_b\">Zaprojektowane dla os\u00f3b, kt\u00f3re cz\u0119sto przycinaj\u0105 i dbaj\u0105 o efekt.<\/p>\n<div class=\"landing-product__hotspot-icon landing-product__hotspot-icon--pointing-upwards\">\n<div class=\"hotspot-icon_wrapper\">\u00a0<\/div>\n<\/div>\n<\/div>\n<\/div>\n<div class=\"landing-product__hotspot landing-product__hotspot--right\">\n<div class=\"landing-product__hotspot-content\">\n<p class=\"landing-product__hotspot-title text_l fw-600\">Trwa\u0142o\u015b\u0107 FELCO<\/p>\n<p class=\"landing-product__hotspot-subtitle text_b\">Konstrukcja umo\u017cliwiaj\u0105ca napraw\u0119 dzi\u0119ki dost\u0119pnym cz\u0119\u015bciom zamiennym.<\/p>\n<div class=\"landing-product__hotspot-icon\">\n<div class=\"hotspot-icon_wrapper\">\u00a0<\/div>\n<\/div>\n<\/div>\n<\/div>\n<div class=\"landing-product__hotspot landing-product__hotspot--left\">\n<div class=\"landing-product__hotspot-content\">\n<p class=\"landing-product__hotspot-title text_l fw-600\">Przycinanie bez wysi\u0142ku<\/p>\n<p class=\"landing-product__hotspot-subtitle text_b\">Elektryczne no\u017cyce redukuj\u0105 wysi\u0142ek przy ka\u017cdym ci\u0119ciu.<\/p>\n<div class=\"landing-product__hotspot-icon\">\n<div class=\"hotspot-icon_wrapper\">\u00a0<\/div>\n<\/div>\n<\/div>\n<\/div>\n<div class=\"landing-product__hotspot landing-product__hotspot--left\">\n<div class=\"landing-product__hotspot-content\">\n<p class=\"landing-product__hotspot-title text_l fw-600\">Lekkie i \u0142atwe w obs\u0142udze.<\/p>\n<p class=\"landing-product__hotspot-subtitle text_b\">Zr\u00f3wnowa\u017cona konstrukcja zapewniaj\u0105ca komfort podczas regularnego przycinania.<\/p>\n<div class=\"landing-product__hotspot-icon\">\n<div class=\"hotspot-icon_wrapper\">\u00a0<\/div>\n<\/div>\n<\/div>\n<\/div>\n<div class=\"landing-product__hotspot landing-product__hotspot--left\">\n<div class=\"landing-product__hotspot-content\">\n<p class=\"landing-product__hotspot-title text_l fw-600\">Czyste, precyzyjne ci\u0119cia<\/p>\n<p class=\"landing-product__hotspot-subtitle text_b\">Kontrolowane ci\u0119cie, kt\u00f3re wspiera zdrowy wzrost ro\u015blin.<\/p>\n<div class=\"landing-product__hotspot-icon\">\n<div class=\"hotspot-icon_wrapper\">\u00a0<\/div>\n<\/div>\n<\/div>\n<\/div>\n<\/div>\n<\/div>\n<\/div>\n<\/div>\n<\/div>\n<\/section>\n<section id=\"shopify-section-template--26457267110268__landing_upsell_dUbACA\" class=\"shopify-section section\">\n<div class=\"section--padding landing-upsell landing-felco2e\">\n<div class=\"page-width\">\n<div class=\"landing-upsell__content\">\n<h2 class=\"landing-upsell__heading landing-heading_3\">Co\u00a0<span class=\"span__highlight\">ulepszyli\u015bmy<\/span>?<\/h2>\n<div class=\"landing-upsell__blocks\">\n<div class=\"landing-upsell__block landing-upsell__block--reverse\">\n<div class=\"landing-upsell__image-wrapper landing-upsell__image-wrapper--desktop\"><img decoding=\"async\" class=\"landing-upsell__image\" src=\"https:\/\/eu.felco.com\/cdn\/shop\/files\/Content.webp?v=1771562808&amp;width=3840\" srcset=\"\/\/eu.felco.com\/cdn\/shop\/files\/Content.webp?v=1771562808&amp;width=375 375w, \/\/eu.felco.com\/cdn\/shop\/files\/Content.webp?v=1771562808&amp;width=550 550w, \/\/eu.felco.com\/cdn\/shop\/files\/Content.webp?v=1771562808&amp;width=750 750w, \/\/eu.felco.com\/cdn\/shop\/files\/Content.webp?v=1771562808&amp;width=1100 1100w, \/\/eu.felco.com\/cdn\/shop\/files\/Content.webp?v=1771562808&amp;width=1500 1500w, \/\/eu.felco.com\/cdn\/shop\/files\/Content.webp?v=1771562808&amp;width=1780 1780w, \/\/eu.felco.com\/cdn\/shop\/files\/Content.webp?v=1771562808&amp;width=2000 2000w, \/\/eu.felco.com\/cdn\/shop\/files\/Content.webp?v=1771562808&amp;width=3000 3000w, \/\/eu.felco.com\/cdn\/shop\/files\/Content.webp?v=1771562808&amp;width=3840 3840w\" width=\"3840\" height=\"4084\" \/><\/div>\n<div class=\"landing-upsell__block-content\">\n<div class=\"landing-upsell__icon-wrapper\">\u00a0<\/div>\n<h3 class=\"landing-upsell__block-title landing-heading_4\">System ochrony\u00a0<span class=\"span__highlight\">CUT SHIELD\u2122<\/span><\/h3>\n<div class=\"landing-upsell__block-description landing-text_2\">FELCO 2e jest wyposa\u017cone w nasz\u0105 opatentowan\u0105 technologi\u0119 CUT SHIELD \u2014 inteligentny system bezpiecze\u0144stwa, kt\u00f3ry wykrywa kontakt d\u0142oni lub palc\u00f3w z g\u0142owic\u0105 tn\u0105c\u0105 i natychmiast zatrzymuje ruch ostrza, aby zapewni\u0107 Ci bezpiecze\u0144stwo.<\/div>\n<ul class=\"landing-upsell__points\">\n<li class=\"landing-upsell__point text_b\"><span class=\"landing-upsell__point-text\">Technologia wykrywania palc\u00f3w w czasie rzeczywistym<\/span><\/li>\n<li class=\"landing-upsell__point text_b\"><span class=\"landing-upsell__point-text\">Mechanizm natychmiastowego zatrzymania ostrza<\/span><\/li>\n<li class=\"landing-upsell__point text_b\"><span class=\"landing-upsell__point-text\">Wi\u0119ksze poczucie bezpiecze\u0144stwa u\u017cytkownika<\/span><\/li>\n<li class=\"landing-upsell__point text_b\"><span class=\"landing-upsell__point-text\">Wiod\u0105ce w bran\u017cy standardy bezpiecze\u0144stwa<\/span><\/li>\n<\/ul>\n<\/div>\n<\/div>\n<div class=\"landing-upsell__block\">\n<div class=\"landing-upsell__image-wrapper landing-upsell__image-wrapper--desktop\"><img decoding=\"async\" class=\"landing-upsell__image\" src=\"https:\/\/eu.felco.com\/cdn\/shop\/files\/Content_1.webp?v=1771575753&amp;width=3840\" srcset=\"\/\/eu.felco.com\/cdn\/shop\/files\/Content_1.webp?v=1771575753&amp;width=375 375w, \/\/eu.felco.com\/cdn\/shop\/files\/Content_1.webp?v=1771575753&amp;width=550 550w, \/\/eu.felco.com\/cdn\/shop\/files\/Content_1.webp?v=1771575753&amp;width=750 750w, \/\/eu.felco.com\/cdn\/shop\/files\/Content_1.webp?v=1771575753&amp;width=1100 1100w, \/\/eu.felco.com\/cdn\/shop\/files\/Content_1.webp?v=1771575753&amp;width=1500 1500w, \/\/eu.felco.com\/cdn\/shop\/files\/Content_1.webp?v=1771575753&amp;width=1780 1780w, \/\/eu.felco.com\/cdn\/shop\/files\/Content_1.webp?v=1771575753&amp;width=2000 2000w, \/\/eu.felco.com\/cdn\/shop\/files\/Content_1.webp?v=1771575753&amp;width=3000 3000w, \/\/eu.felco.com\/cdn\/shop\/files\/Content_1.webp?v=1771575753&amp;width=3840 3840w\" width=\"3840\" height=\"3971\" \/><\/div>\n<div class=\"landing-upsell__block-content\">\n<div class=\"landing-upsell__icon-wrapper\">\u00a0<\/div>\n<h3 class=\"landing-upsell__block-title landing-heading_4\">Technologia ostrza\u00a0<span class=\"span__highlight\">F-Tech\u2122<\/span><\/h3>\n<div class=\"landing-upsell__block-description landing-text_2\">Nasza rewolucyjna pow\u0142oka F-Tech znacznie ogranicza przywieranie soku ro\u015blinnego, dzi\u0119ki czemu ostrze pozostaje czystsze przez d\u0142u\u017cszy czas, zapewniaj\u0105c jednocze\u015bnie idealne ci\u0119cia, kt\u00f3re sprzyjaj\u0105 szybkiemu gojeniu si\u0119 ro\u015blin.<\/div>\n<ul class=\"landing-upsell__points\">\n<li class=\"landing-upsell__point text_b\"><span class=\"landing-upsell__point-text\">Ograniczone przywieranie soku ro\u015blinnego u\u0142atwia czyszczenie<\/span><\/li>\n<li class=\"landing-upsell__point text_b\"><span class=\"landing-upsell__point-text\">Czyste, precyzyjne ci\u0119cia za ka\u017cdym razem<\/span><\/li>\n<li class=\"landing-upsell__point text_b\"><span class=\"landing-upsell__point-text\">Sprzyja szybkiemu gojeniu si\u0119 ran ro\u015blin<\/span><\/li>\n<li class=\"landing-upsell__point text_b\"><span class=\"landing-upsell__point-text\">Wyd\u0142u\u017cona \u017cywotno\u015b\u0107 i wydajno\u015b\u0107 ostrza<\/span><\/li>\n<\/ul>\n<\/div>\n<\/div>\n<div class=\"landing-upsell__block landing-upsell__block--reverse\">\n<div class=\"landing-upsell__image-wrapper landing-upsell__image-wrapper--desktop\"><img loading=\"lazy\" decoding=\"async\" class=\"landing-upsell__image\" src=\"https:\/\/eu.felco.com\/cdn\/shop\/files\/Content_2.webp?v=1771575754&amp;width=3840\" srcset=\"\/\/eu.felco.com\/cdn\/shop\/files\/Content_2.webp?v=1771575754&amp;width=375 375w, \/\/eu.felco.com\/cdn\/shop\/files\/Content_2.webp?v=1771575754&amp;width=550 550w, \/\/eu.felco.com\/cdn\/shop\/files\/Content_2.webp?v=1771575754&amp;width=750 750w, \/\/eu.felco.com\/cdn\/shop\/files\/Content_2.webp?v=1771575754&amp;width=1100 1100w, \/\/eu.felco.com\/cdn\/shop\/files\/Content_2.webp?v=1771575754&amp;width=1500 1500w, \/\/eu.felco.com\/cdn\/shop\/files\/Content_2.webp?v=1771575754&amp;width=1780 1780w, \/\/eu.felco.com\/cdn\/shop\/files\/Content_2.webp?v=1771575754&amp;width=2000 2000w, \/\/eu.felco.com\/cdn\/shop\/files\/Content_2.webp?v=1771575754&amp;width=3000 3000w, \/\/eu.felco.com\/cdn\/shop\/files\/Content_2.webp?v=1771575754&amp;width=3840 3840w\" width=\"3840\" height=\"4084\" \/><\/div>\n<div class=\"landing-upsell__block-content\">\n<div class=\"landing-upsell__icon-wrapper\">\u00a0<\/div>\n<h3 class=\"landing-upsell__block-title landing-heading_4\">Mocny akumulator litowy 3 Ah<\/h3>\n<div class=\"landing-upsell__block-description landing-text_2\">Lekka, kompaktowa i zaskakuj\u0105co wydajna bateria 10,8 V \u2013 3,0 Ah zosta\u0142a stworzona, aby umo\u017cliwi\u0107 Ci ci\u0119cie bez spowalniania, dzi\u0119ki czemu sp\u0119dzasz mniej czasu na \u0142adowaniu, a wi\u0119cej na wykonywaniu zada\u0144.<\/div>\n<ul class=\"landing-upsell__points\">\n<li class=\"landing-upsell__point text_b\"><span class=\"landing-upsell__point-text\">Do 3000 ci\u0119\u0107 na jednym \u0142adowaniu<\/span><\/li>\n<li class=\"landing-upsell__point text_b\"><span class=\"landing-upsell__point-text\">\u0141adowanie w dowolnym miejscu za pomoc\u0105 z\u0142\u0105cza USB-C<\/span><\/li>\n<li class=\"landing-upsell__point text_b\"><span class=\"landing-upsell__point-text\">Testowane na drewnie bukowym, \u00d810 mm<\/span><\/li>\n<\/ul>\n<\/div>\n<\/div>\n<\/div>\n<\/div>\n<\/div>\n<\/div>\n<\/section>\n<section id=\"shopify-section-template--26457267110268__landing_gallery_rgHzbC\" class=\"shopify-section section\">\n<div class=\"section--padding landing-gallery\">\n<div class=\"page-width\">\n<div class=\"swiper landing-gallery__swiper landing-gallery__swiper--desktop\">\n<div class=\"swiper-wrapper landing-gallery__wrapper\">\n<div class=\"swiper-slide landing-gallery__slide\">\n<div class=\"landing-gallery__slide-content\">\n<div class=\"landing-gallery__image-wrapper landing-gallery__image-wrapper--primary\"><img decoding=\"async\" class=\"landing-gallery__image\" src=\"https:\/\/eu.felco.com\/cdn\/shop\/files\/2b49fb823c094b06396abe4b282ec9b2bc81e420.webp?v=1771850608&amp;width=1200\" alt=\"Gallery image\" \/><\/div>\n<\/div>\n<\/div>\n<div class=\"swiper-slide landing-gallery__slide\">\n<div class=\"landing-gallery__slide-content\">\n<div class=\"landing-gallery__image-wrapper landing-gallery__image-wrapper--primary\"><img decoding=\"async\" class=\"landing-gallery__image\" src=\"https:\/\/eu.felco.com\/cdn\/shop\/files\/dcda62f7aaad7528a40152adc6ffcfd587e42162.webp?v=1771850607&amp;width=1200\" alt=\"Gallery image\" \/><\/div>\n<div class=\"landing-gallery__image-wrapper landing-gallery__image-wrapper--secondary\"><img decoding=\"async\" class=\"landing-gallery__image\" src=\"https:\/\/eu.felco.com\/cdn\/shop\/files\/e7843a63a4e3be42ceb1ec446c053c9f5cdbd6e4.webp?v=1771850612&amp;width=1200\" alt=\"Gallery image\" \/><\/div>\n<\/div>\n<\/div>\n<div class=\"swiper-slide landing-gallery__slide\">\n<div class=\"landing-gallery__slide-content\">\n<div class=\"landing-gallery__image-wrapper landing-gallery__image-wrapper--primary\"><img decoding=\"async\" class=\"landing-gallery__image\" src=\"https:\/\/eu.felco.com\/cdn\/shop\/files\/c4a3087fc7a190c973aae5379f596114b2b20607.webp?v=1771850610&amp;width=1200\" alt=\"Gallery image\" \/><\/div>\n<\/div>\n<\/div>\n<div class=\"swiper-slide landing-gallery__slide\">\n<div class=\"landing-gallery__slide-content\">\n<div class=\"landing-gallery__image-wrapper landing-gallery__image-wrapper--primary\"><img decoding=\"async\" class=\"landing-gallery__image\" src=\"https:\/\/eu.felco.com\/cdn\/shop\/files\/ea1b9f2139a25ae1343c859a56bb927a42462182.webp?v=1771850607&amp;width=1200\" alt=\"Gallery image\" \/><\/div>\n<\/div>\n<\/div>\n<div class=\"swiper-slide landing-gallery__slide\">\n<div class=\"landing-gallery__slide-content\">\n<div class=\"landing-gallery__image-wrapper landing-gallery__image-wrapper--primary\"><img decoding=\"async\" class=\"landing-gallery__image\" src=\"https:\/\/eu.felco.com\/cdn\/shop\/files\/0930fe6a165ec7479425f382943bb20e5044632e.webp?v=1771850607&amp;width=1200\" alt=\"Gallery image\" \/><\/div>\n<\/div>\n<\/div>\n<\/div>\n<\/div>\n<\/div>\n<\/div>\n<\/section>\n<section id=\"shopify-section-template--26457267110268__landing_collection_bihHMF\" class=\"shopify-section section\">\n<div class=\"section--padding landing-collection landing-felco2e\">\n<div class=\"page-width\">\n<div class=\"landing-collection__content\">\n<div class=\"landing-collection__heading heading_l fw-600\">Zawarto\u015b\u0107\u00a0<span class=\"span__highlight\">opakowania<\/span><\/div>\n<div class=\"landing-collection__items\">\n<div class=\"landing-collection__item\">\n<div class=\"landing-collection__item-image\"><img loading=\"lazy\" decoding=\"async\" src=\"https:\/\/eu.felco.com\/cdn\/shop\/files\/Square_packshots_PNG-FELCO_2e_back_open_2_5.webp?v=1771836206&amp;width=120\" srcset=\"\/\/eu.felco.com\/cdn\/shop\/files\/Square_packshots_PNG-FELCO_2e_back_open_2_5.webp?v=1771836206&amp;width=120 120w\" alt=\"Sekator FELCO 2e\" width=\"120\" height=\"120\" \/><\/div>\n<p class=\"landing-collection__item-title text_l fw-500\">Sekator FELCO 2e<\/p>\n<p class=\"landing-collection__item-subtitle text_b\">Sama elektryczna sekator<\/p>\n<\/div>\n<div class=\"landing-collection__item\">\n<div class=\"landing-collection__item-image\"><img loading=\"lazy\" decoding=\"async\" src=\"https:\/\/eu.felco.com\/cdn\/shop\/files\/Square_packshots_PNG-FELCO_2e_back_open_2.webp?v=1771836205&amp;width=120\" srcset=\"\/\/eu.felco.com\/cdn\/shop\/files\/Square_packshots_PNG-FELCO_2e_back_open_2.webp?v=1771836205&amp;width=120 120w\" alt=\"Akumulator 10,8 V\" width=\"120\" height=\"120\" \/><\/div>\n<p class=\"landing-collection__item-title text_l fw-500\">Akumulator 10,8 V<\/p>\n<p class=\"landing-collection__item-subtitle text_b\">Akumulator 10,8 V X1<\/p>\n<\/div>\n<div class=\"landing-collection__item\">\n<div class=\"landing-collection__item-image\"><img loading=\"lazy\" decoding=\"async\" src=\"https:\/\/eu.felco.com\/cdn\/shop\/files\/Square_packshots_PNG-FELCO_2e_back_open_2_1.webp?v=1771836205&amp;width=120\" srcset=\"\/\/eu.felco.com\/cdn\/shop\/files\/Square_packshots_PNG-FELCO_2e_back_open_2_1.webp?v=1771836205&amp;width=120 120w\" alt=\"Kabel \u0142aduj\u0105cy\" width=\"120\" height=\"120\" \/><\/div>\n<p class=\"landing-collection__item-title text_l fw-500\">Kabel \u0142aduj\u0105cy<\/p>\n<p class=\"landing-collection__item-subtitle text_b\">Kabel do szybkiego \u0142adowania USB-C<\/p>\n<\/div>\n<div class=\"landing-collection__item\">\n<div class=\"landing-collection__item-image\"><img loading=\"lazy\" decoding=\"async\" src=\"https:\/\/eu.felco.com\/cdn\/shop\/files\/Square_packshots_PNG-FELCO_2e_back_open_2_2.webp?v=1771836205&amp;width=120\" srcset=\"\/\/eu.felco.com\/cdn\/shop\/files\/Square_packshots_PNG-FELCO_2e_back_open_2_2.webp?v=1771836205&amp;width=120 120w\" alt=\"R\u0119kawice FELCO 707\" width=\"120\" height=\"120\" \/><\/div>\n<p class=\"landing-collection__item-title text_l fw-500\">R\u0119kawice FELCO 707<\/p>\n<p class=\"landing-collection__item-subtitle text_b\">R\u0119kawice ochronne przewodz\u0105ce dla technologii Cut Shield\u2122<\/p>\n<\/div>\n<div class=\"landing-collection__item\">\n<div class=\"landing-collection__item-image\"><img loading=\"lazy\" decoding=\"async\" src=\"https:\/\/eu.felco.com\/cdn\/shop\/files\/Square_packshots_PNG-FELCO_2e_back_open_2_3.webp?v=1771836205&amp;width=120\" srcset=\"\/\/eu.felco.com\/cdn\/shop\/files\/Square_packshots_PNG-FELCO_2e_back_open_2_3.webp?v=1771836205&amp;width=120 120w\" alt=\"Spray smaruj\u0105cy\" width=\"120\" height=\"120\" \/><\/div>\n<p class=\"landing-collection__item-title text_l fw-500\">Spray smaruj\u0105cy<\/p>\n<p class=\"landing-collection__item-subtitle text_b\">Spray do konserwacji g\u0142owicy tn\u0105cej<\/p>\n<\/div>\n<div class=\"landing-collection__item\">\n<div class=\"landing-collection__item-image\"><img loading=\"lazy\" decoding=\"async\" src=\"https:\/\/eu.felco.com\/cdn\/shop\/files\/Square_packshots_PNG-FELCO_2e_back_open_2_4.webp?v=1771836205&amp;width=120\" srcset=\"\/\/eu.felco.com\/cdn\/shop\/files\/Square_packshots_PNG-FELCO_2e_back_open_2_4.webp?v=1771836205&amp;width=120 120w\" alt=\"Futera\u0142\" width=\"120\" height=\"120\" \/><\/div>\n<p class=\"landing-collection__item-title text_l fw-500\">Futera\u0142<\/p>\n<p class=\"landing-collection__item-subtitle text_b\">Dla wygody i bezpiecze\u0144stwa<\/p>\n<\/div>\n<\/div>\n<\/div>\n<\/div>\n<\/div>\n<\/section>\n\n\n<figure class=\"wp-block-video\"><video controls src=\"https:\/\/eu.felco.com\/cdn\/shop\/videos\/c\/vp\/d21b669eb3aa459699b2b0c41df38a3c\/d21b669eb3aa459699b2b0c41df38a3c.m3u8?v=0\"><\/video><\/figure>\n","protected":false},"excerpt":{"rendered":"<p>Nasze nowe FELCO 2e PROMOCJA CENA 950 z\u0142 brutto Waga 880g \u015arednica ci\u0119cia 25\/27mm Progresywne ci\u0119cie\u00a0 Ochrona dotkni\u0119cia palcem ostrza Akumulator 3Ah\u00a0 &#8211; do 3000 ci\u0119\u0107 Ostrza z technologi\u0105 F-Tech &#8230;<\/p>\n","protected":false},"author":1,"featured_media":0,"parent":0,"menu_order":0,"comment_status":"closed","ping_status":"closed","template":"","meta":{"footnotes":""},"class_list":["post-432","page","type-page","status-publish","hentry"],"_links":{"self":[{"href":"https:\/\/e-ochronaroslin.pl\/index.php?rest_route=\/wp\/v2\/pages\/432","targetHints":{"allow":["GET"]}}],"collection":[{"href":"https:\/\/e-ochronaroslin.pl\/index.php?rest_route=\/wp\/v2\/pages"}],"about":[{"href":"https:\/\/e-ochronaroslin.pl\/index.php?rest_route=\/wp\/v2\/types\/page"}],"author":[{"embeddable":true,"href":"https:\/\/e-ochronaroslin.pl\/index.php?rest_route=\/wp\/v2\/users\/1"}],"replies":[{"embeddable":true,"href":"https:\/\/e-ochronaroslin.pl\/index.php?rest_route=%2Fwp%2Fv2%2Fcomments&post=432"}],"version-history":[{"count":7,"href":"https:\/\/e-ochronaroslin.pl\/index.php?rest_route=\/wp\/v2\/pages\/432\/revisions"}],"predecessor-version":[{"id":443,"href":"https:\/\/e-ochronaroslin.pl\/index.php?rest_route=\/wp\/v2\/pages\/432\/revisions\/443"}],"wp:attachment":[{"href":"https:\/\/e-ochronaroslin.pl\/index.php?rest_route=%2Fwp%2Fv2%2Fmedia&parent=432"}],"curies":[{"name":"wp","href":"https:\/\/api.w.org\/{rel}","templated":true}]}}