{"id":265,"date":"2025-10-24T15:20:52","date_gmt":"2025-10-24T13:20:52","guid":{"rendered":"https:\/\/e-ochronaroslin.pl\/?page_id=265"},"modified":"2025-10-24T15:20:52","modified_gmt":"2025-10-24T13:20:52","slug":"otiorstop","status":"publish","type":"page","link":"https:\/\/e-ochronaroslin.pl\/?page_id=265","title":{"rendered":"OtiorSTOP"},"content":{"rendered":"<h1>OtiorSTOP<\/h1>\n<p><img fetchpriority=\"high\" decoding=\"async\" class=\"size-medium wp-image-261 alignright\" src=\"http:\/\/e-ochronaroslin.pl\/wp-content\/uploads\/2025\/10\/xGroup-2845__FitWzUwNiw0OTZd.png.pagespeed.ic_.fzxb_ijmEB-300x300.webp\" alt=\"\" width=\"300\" height=\"300\" srcset=\"https:\/\/e-ochronaroslin.pl\/wp-content\/uploads\/2025\/10\/xGroup-2845__FitWzUwNiw0OTZd.png.pagespeed.ic_.fzxb_ijmEB-300x300.webp 300w, https:\/\/e-ochronaroslin.pl\/wp-content\/uploads\/2025\/10\/xGroup-2845__FitWzUwNiw0OTZd.png.pagespeed.ic_.fzxb_ijmEB-150x150.webp 150w\" sizes=\"(max-width: 300px) 100vw, 300px\" \/><\/p>\n<p><strong>Mikrobiologiczna stymulacja regeneracji i rozw\u00f3j ro\u015blin uszkodzonych przez opuchlaki<\/strong><\/p>\n<p>&nbsp;<\/p>\n<p>OtiorSTOP to preparat do higienizacji \u015brodowiska korzeni ro\u015blin takich jak truskawki, winoro\u015bl, maliny, bor\u00f3wki, porzeczki, agrest czy ro\u015bliny ozdobne, kt\u00f3re s\u0105 nara\u017cone na \u017cerowanie larw opuchlak\u00f3w(Otiorhynchus).<\/p>\n<p>Mikroorganizmy zawarte w preparacie wspomagaj\u0105 procesy regeneracji po wyst\u0105pieniu czynnika stresowego, stymuluj\u0105 prawid\u0142owy rozw\u00f3j korzeni oraz poprawiaj\u0105 przyswajalno\u015b\u0107 sk\u0142adnik\u00f3w pokarmowych. Stosowanie OtiorSTOP pozwala na ograniczenie szk\u00f3d powodowanych przez \u017cerowanie larw opuchlak\u00f3w.<\/p>\n<p>Efektem zastosowania preparatu OtiorSTOP jest polepszenie kondycji ro\u015blin, a tak\u017ce wzrost ilo\u015bci i jako\u015bci plonu.<\/p>\n<p>&nbsp;<\/p>\n<p><strong>Sk\u0142ad:<\/strong>\u00a0Preparat zawiera starannie wyselekcjonowane szczepy bakterii o wysokiej<br \/>\nkoncentracji nie mniejszej ni\u017c 1 x 10<sup>9<\/sup>\u00a0jtk\/g<\/p>\n<p><strong>Dawka:<\/strong><br \/>\n100 g\/ha<\/p>\n<div class=\"o-cols__item\">\n<h2>Stosowanie:<\/h2>\n<ul>\n<li>Pierwszy zabieg zaleca si\u0119 wykonywa\u0107 na pocz\u0105tku wiosennej wegetacji<\/li>\n<li>Zabieg powtarza\u0107 co ok. 4 tygodnie do 6 razy w sezonie wegetacyjnym<\/li>\n<li>Przed za\u0142o\u017ceniem plantacji stosowa\u0107 preparat doglebowo, po aplikacji r\u00f3wnomiernie wymiesza\u0107 z gleb\u0105<\/li>\n<li>Zalecany oprysk grubokroplisty lub stosowanie z fertygacj\u0105<\/li>\n<li>Preparat mo\u017cna stosowa\u0107 z nawozami dolistnymi oraz wszystkimi \u015brodkami ochrony ro\u015blin. Przed dodaniem do zbiornika opryskiwacza zalecamy wcze\u015bniejsze rozpuszczenie i wymieszanie produktu w wodzie (1 kg \/ 10 l wody).<\/li>\n<\/ul>\n<\/div>\n<div class=\"o-cols__item\">\n<h2>Efekty stosowania:<\/h2>\n<ul>\n<li>poprawa kondycji ro\u015blin<\/li>\n<li>redukcja ilo\u015bci u\u017cytych \u015brodk\u00f3w ochrony ro\u015blin<\/li>\n<li>wzrost plonu i jego jako\u015bci<\/li>\n<li>zmniejszenie wypadania ro\u015blin na plantacji<\/li>\n<li>poprawa jako\u015bci przetw\u00f3rczej owoc\u00f3w<\/li>\n<li>ograniczenie strat spowodowanych \u017cerowaniem larw opuchlak\u00f3w<\/li>\n<\/ul>\n<\/div>\n","protected":false},"excerpt":{"rendered":"<p>OtiorSTOP Mikrobiologiczna stymulacja regeneracji i rozw\u00f3j ro\u015blin uszkodzonych przez opuchlaki &nbsp; OtiorSTOP to preparat do higienizacji \u015brodowiska korzeni ro\u015blin takich jak truskawki, winoro\u015bl, maliny, bor\u00f3wki, porzeczki, agrest czy ro\u015bliny ozdobne, &#8230;<\/p>\n","protected":false},"author":1,"featured_media":0,"parent":0,"menu_order":0,"comment_status":"closed","ping_status":"closed","template":"","meta":{"footnotes":""},"class_list":["post-265","page","type-page","status-publish","hentry"],"_links":{"self":[{"href":"https:\/\/e-ochronaroslin.pl\/index.php?rest_route=\/wp\/v2\/pages\/265","targetHints":{"allow":["GET"]}}],"collection":[{"href":"https:\/\/e-ochronaroslin.pl\/index.php?rest_route=\/wp\/v2\/pages"}],"about":[{"href":"https:\/\/e-ochronaroslin.pl\/index.php?rest_route=\/wp\/v2\/types\/page"}],"author":[{"embeddable":true,"href":"https:\/\/e-ochronaroslin.pl\/index.php?rest_route=\/wp\/v2\/users\/1"}],"replies":[{"embeddable":true,"href":"https:\/\/e-ochronaroslin.pl\/index.php?rest_route=%2Fwp%2Fv2%2Fcomments&post=265"}],"version-history":[{"count":1,"href":"https:\/\/e-ochronaroslin.pl\/index.php?rest_route=\/wp\/v2\/pages\/265\/revisions"}],"predecessor-version":[{"id":267,"href":"https:\/\/e-ochronaroslin.pl\/index.php?rest_route=\/wp\/v2\/pages\/265\/revisions\/267"}],"wp:attachment":[{"href":"https:\/\/e-ochronaroslin.pl\/index.php?rest_route=%2Fwp%2Fv2%2Fmedia&parent=265"}],"curies":[{"name":"wp","href":"https:\/\/api.w.org\/{rel}","templated":true}]}}