{"id":255,"date":"2025-10-24T12:33:16","date_gmt":"2025-10-24T10:33:16","guid":{"rendered":"https:\/\/e-ochronaroslin.pl\/?page_id=255"},"modified":"2025-10-24T12:33:19","modified_gmt":"2025-10-24T10:33:19","slug":"fosfopower","status":"publish","type":"page","link":"https:\/\/e-ochronaroslin.pl\/?page_id=255","title":{"rendered":"FosfoPower"},"content":{"rendered":"<h1>FosfoPower<\/h1>\n<p><a href=\"https:\/\/fosfopower.pl\/?utm_source=google&amp;utm_medium=fosfo_cpc&amp;utm_campaign=lsearch&amp;gad_source=1&amp;gad_campaignid=19651583720&amp;gbraid=0AAAAADovq8wTldSFg8rYRcED3cHefAG96&amp;gclid=CjwKCAjwx-zHBhBhEiwA7Kjq6zqPxUdBZiXvTI4X7BSJQcSVc-5EL6sxuHCFbaiLyWQlzd1kOSVuJRoCHDAQAvD_BwE\">FosfoPower.pl<\/a><\/p>\n<p><img fetchpriority=\"high\" decoding=\"async\" class=\"size-medium wp-image-256 alignright\" src=\"http:\/\/e-ochronaroslin.pl\/wp-content\/uploads\/2025\/10\/xGroup-2899__FitWzUwNiw0OTZd.png.pagespeed.ic_.HTAqDvzHkm-300x300.webp\" alt=\"\" width=\"300\" height=\"300\" srcset=\"https:\/\/e-ochronaroslin.pl\/wp-content\/uploads\/2025\/10\/xGroup-2899__FitWzUwNiw0OTZd.png.pagespeed.ic_.HTAqDvzHkm-300x300.webp 300w, https:\/\/e-ochronaroslin.pl\/wp-content\/uploads\/2025\/10\/xGroup-2899__FitWzUwNiw0OTZd.png.pagespeed.ic_.HTAqDvzHkm-150x150.webp 150w\" sizes=\"(max-width: 300px) 100vw, 300px\" \/><\/p>\n<p><strong>Preparat mikrobiologiczny udost\u0119pniaj\u0105cy ro\u015blinom niedost\u0119pne formy fosforu z gleby.<\/strong><\/p>\n<p>&nbsp;<\/p>\n<p>FosfoPower zawiera wyselekcjonowane szczepy bakterii PSB (<em>Phosphate Solubilizing Bacteria<\/em>) wytwarzaj\u0105ce m.in. kwasy organiczne oraz enzymy, kt\u00f3re efektywnie rozpuszczaj\u0105 trudnodost\u0119pne formy fosforu z glebowych zasob\u00f3w nieorganicznych jak i organicznych. Nadwy\u017cki\u00a0 powstaj\u0105ce w wyniku tych proces\u00f3w s\u0105 wykorzystane przez ro\u015bliny. Stosowanie FosfoPower pozwala ro\u015blinom na korzystanie z niedost\u0119pnych form fosforu zawartych w glebie, zwi\u0119ksza efektywno\u015b\u0107 mineralnego nawo\u017cenia fosforowego oraz umo\u017cliwia zmniejszenie dawek nawoz\u00f3w fosforowych.<\/p>\n<p>&nbsp;<\/p>\n<p>Liczne badania potwierdzaj\u0105, \u017ce aplikacja bakterii PSB pozwala uwolni\u0107 i udost\u0119pni\u0107 ro\u015blinom \u015brednio\u00a0<strong>40-45 kg\u00a0P<sub>2<\/sub>O<sub>5<\/sub><\/strong><\/p>\n<p>&nbsp;<\/p>\n<p><strong>Sk\u0142ad:<\/strong>\u00a0Preparat zawiera wyselekcjonowane, niepatogenne szczepy bakterii PSB o wysokiej<br \/>koncentracji, nie mniejszej ni\u017c 1 x 10\u2079 jtk\/g<\/p>\n<p><br \/><strong>Dawka:<\/strong>\u00a0100 g\/ha<\/p>\n<div class=\"o-cols__item\">\n<h2>Stosowanie:<\/h2>\n<ul>\n<li><strong>Uprawy polowe:<\/strong>\u00a0przedsiewnie w formie oprysku doglebowego, przedwschodowo oraz w pocz\u0105tkowych fazach rozwojowych ro\u015blin.<\/li>\n<li><strong>Sady i jagodniki:<\/strong>\u00a0wraz z pocz\u0105tkiem wiosennej wegetacji w formie oprysku, w pasie herbicydowym.<\/li>\n<li><strong>Warzywa:<\/strong>\u00a0przedsiewnie lub przed wysadzeniem w formie oprysku doglebowego<\/li>\n<\/ul>\n<\/div>\n<div class=\"o-cols__item\">\n<h2>Efekty stosowania:<\/h2>\n<ul>\n<li>Pozwala na ograniczenie ilo\u015bci stosowanych mineralnych nawoz\u00f3w fosforowych<\/li>\n<li>Zwi\u0119ksza efektywno\u015b\u0107 nawo\u017cenia mineralnego<\/li>\n<li>Poprawia plonowanie ro\u015blin uprawnych<\/li>\n<\/ul>\n<\/div>\n\n\n<figure class=\"wp-block-embed is-type-video is-provider-youtube wp-block-embed-youtube wp-embed-aspect-16-9 wp-has-aspect-ratio\"><div class=\"wp-block-embed__wrapper\">\n<iframe title=\"Przeja\u017cd\u017cka z Ho\u0142owczycem \u2013 promocja FosfoPower #procam\" width=\"800\" height=\"450\" src=\"https:\/\/www.youtube.com\/embed\/xA2Ddwwmdxg?feature=oembed\" frameborder=\"0\" allow=\"accelerometer; autoplay; clipboard-write; encrypted-media; gyroscope; picture-in-picture; web-share\" referrerpolicy=\"strict-origin-when-cross-origin\" allowfullscreen><\/iframe>\n<\/div><\/figure>\n\n\n\n<figure class=\"wp-block-embed is-type-video is-provider-youtube wp-block-embed-youtube wp-embed-aspect-16-9 wp-has-aspect-ratio\"><div class=\"wp-block-embed__wrapper\">\n<iframe title=\"Przeja\u017cd\u017cka z Ho\u0142owczycem \u2013 promocja FosfoPower #procam\" width=\"800\" height=\"450\" src=\"https:\/\/www.youtube.com\/embed\/xA2Ddwwmdxg?feature=oembed\" frameborder=\"0\" allow=\"accelerometer; autoplay; clipboard-write; encrypted-media; gyroscope; picture-in-picture; web-share\" referrerpolicy=\"strict-origin-when-cross-origin\" allowfullscreen><\/iframe>\n<\/div><\/figure>\n\n\n\n<figure class=\"wp-block-embed is-type-video is-provider-youtube wp-block-embed-youtube wp-embed-aspect-16-9 wp-has-aspect-ratio\"><div class=\"wp-block-embed__wrapper\">\n<iframe title=\"AzotoPower na rekordowym polu pszenicy ozimej. Jak zadzia\u0142a\u0142?\" width=\"800\" height=\"450\" src=\"https:\/\/www.youtube.com\/embed\/Iht3Vln90po?feature=oembed\" frameborder=\"0\" allow=\"accelerometer; autoplay; clipboard-write; encrypted-media; gyroscope; picture-in-picture; web-share\" referrerpolicy=\"strict-origin-when-cross-origin\" allowfullscreen><\/iframe>\n<\/div><\/figure>\n\n\n\n<figure class=\"wp-block-embed is-type-video is-provider-youtube wp-block-embed-youtube wp-embed-aspect-16-9 wp-has-aspect-ratio\"><div class=\"wp-block-embed__wrapper\">\n<iframe title=\"AzotoPower na rekordowym polu pszenicy ozimej. Jak zadzia\u0142a\u0142?\" width=\"800\" height=\"450\" src=\"https:\/\/www.youtube.com\/embed\/Iht3Vln90po?feature=oembed\" frameborder=\"0\" allow=\"accelerometer; autoplay; clipboard-write; encrypted-media; gyroscope; picture-in-picture; web-share\" referrerpolicy=\"strict-origin-when-cross-origin\" allowfullscreen><\/iframe>\n<\/div><\/figure>\n\n\n\n<p><\/p>\n","protected":false},"excerpt":{"rendered":"<p>FosfoPower FosfoPower.pl Preparat mikrobiologiczny udost\u0119pniaj\u0105cy ro\u015blinom niedost\u0119pne formy fosforu z gleby. &nbsp; FosfoPower zawiera wyselekcjonowane szczepy bakterii PSB (Phosphate Solubilizing Bacteria) wytwarzaj\u0105ce m.in. kwasy organiczne oraz enzymy, kt\u00f3re efektywnie rozpuszczaj\u0105 &#8230;<\/p>\n","protected":false},"author":1,"featured_media":0,"parent":0,"menu_order":0,"comment_status":"closed","ping_status":"closed","template":"","meta":{"footnotes":""},"class_list":["post-255","page","type-page","status-publish","hentry"],"_links":{"self":[{"href":"https:\/\/e-ochronaroslin.pl\/index.php?rest_route=\/wp\/v2\/pages\/255","targetHints":{"allow":["GET"]}}],"collection":[{"href":"https:\/\/e-ochronaroslin.pl\/index.php?rest_route=\/wp\/v2\/pages"}],"about":[{"href":"https:\/\/e-ochronaroslin.pl\/index.php?rest_route=\/wp\/v2\/types\/page"}],"author":[{"embeddable":true,"href":"https:\/\/e-ochronaroslin.pl\/index.php?rest_route=\/wp\/v2\/users\/1"}],"replies":[{"embeddable":true,"href":"https:\/\/e-ochronaroslin.pl\/index.php?rest_route=%2Fwp%2Fv2%2Fcomments&post=255"}],"version-history":[{"count":1,"href":"https:\/\/e-ochronaroslin.pl\/index.php?rest_route=\/wp\/v2\/pages\/255\/revisions"}],"predecessor-version":[{"id":258,"href":"https:\/\/e-ochronaroslin.pl\/index.php?rest_route=\/wp\/v2\/pages\/255\/revisions\/258"}],"wp:attachment":[{"href":"https:\/\/e-ochronaroslin.pl\/index.php?rest_route=%2Fwp%2Fv2%2Fmedia&parent=255"}],"curies":[{"name":"wp","href":"https:\/\/api.w.org\/{rel}","templated":true}]}}