{"id":241,"date":"2025-10-24T12:00:44","date_gmt":"2025-10-24T10:00:44","guid":{"rendered":"https:\/\/e-ochronaroslin.pl\/?page_id=241"},"modified":"2025-10-24T12:36:13","modified_gmt":"2025-10-24T10:36:13","slug":"azotopower","status":"publish","type":"page","link":"https:\/\/e-ochronaroslin.pl\/?page_id=241","title":{"rendered":"AzotoPower"},"content":{"rendered":"<h1>AzotoPower<\/h1>\n<p><a href=\"https:\/\/azotopower.pl\/\">AzotoPower.pl<\/a><\/p>\n<p><img fetchpriority=\"high\" decoding=\"async\" class=\"size-medium wp-image-242 alignright\" src=\"http:\/\/e-ochronaroslin.pl\/wp-content\/uploads\/2025\/10\/xGroup-2729__FitWzUwNiw0OTZd.png.pagespeed.ic_.MHr8Bkszs5-300x300.webp\" alt=\"\" width=\"300\" height=\"300\" srcset=\"https:\/\/e-ochronaroslin.pl\/wp-content\/uploads\/2025\/10\/xGroup-2729__FitWzUwNiw0OTZd.png.pagespeed.ic_.MHr8Bkszs5-300x300.webp 300w, https:\/\/e-ochronaroslin.pl\/wp-content\/uploads\/2025\/10\/xGroup-2729__FitWzUwNiw0OTZd.png.pagespeed.ic_.MHr8Bkszs5-150x150.webp 150w\" sizes=\"(max-width: 300px) 100vw, 300px\" \/><\/p>\n<p><strong>Udost\u0119pnia azot atmosferyczny ro\u015blinom<\/strong><\/p>\n<p>&nbsp;<\/p>\n<p>Preparat AzotoPower zawiera bakterie z rodzaj\u00f3w\u00a0<em>Azotobacter<\/em>\u00a0i\u00a0<em>Arthrobacter<\/em>. S\u0105 to wolno\u017cyj\u0105ce, niesymbiotyczne mikroorganizmy bior\u0105ce udzia\u0142 w wi\u0105zaniu azotu atmosferycznego (N<sub>2<\/sub>). Zawarte w produkcie bakterie redukuj\u0105 azot atmosferyczny do form dost\u0119pnych dla ro\u015blin (do 50 kg N\/ha rocznie), zaopatruj\u0105c je w azot \u2014 najwa\u017cniejszy plonotw\u00f3rczy sk\u0142adnik pokarmowy. Bakterie zawarte w AzotoPower nale\u017c\u0105 do grupy bakterii promuj\u0105cych wzrost ro\u015blin (PGPR \u2014 plant growth promoting bacteria). Stymuluj\u0105 syntez\u0119 fitohormon\u00f3w (m. in. cytokinin, giberelin), poprawiaj\u0105 rozw\u00f3j systemu korzeniowego oraz efektywno\u015b\u0107 od\u017cywiania ro\u015blin, a tak\u017ce wspomagaj\u0105 odporno\u015b\u0107 na stres.<\/p>\n<p>&nbsp;<\/p>\n<p><strong>Sk\u0142ad:<\/strong>\u00a0Preparat zawiera wyselekcjonowane szczepy bakterii z rodzaj\u00f3w Azotobacter i Arthrobacter o wysokiej koncentracji nie mniejszej ni\u017c 1 x 10\u2079 jtk\/g<\/p>\n<p><strong>Dawka:<\/strong>\u00a0100 g\/ha<\/p>\n<div class=\"o-cols__item\">\n<h2>Stosowanie:<\/h2>\n<ul>\n<li><strong>Uprawy polowe<\/strong>: przedsiewne w formie oprysku doglebowego; w czasie wegetacji: po siewie, po wschodach, w fazie krzewienia, wiosn\u0105 po ruszeniu wegetacji w formie oprysku nalistnego.<\/li>\n<li><strong>Sady i jagodniki<\/strong>: wraz z pocz\u0105tkiem wiosennej wegetacji w formie oprysku, w pasie herbicydowym.<\/li>\n<li><strong>Warzywa<\/strong>: przedsiewnie lub przed wysadzeniem w formie oprysku doglebowego; w dowolnej fazie aktywnego wzrostu w formie oprysku nalistnego.<\/li>\n<li><strong>Ro\u015bliny ozdobne, u\u017cytki zielone<\/strong>: w dowolnej fazie aktywnego wzrostu w formie oprysku nalistnego<\/li>\n<\/ul>\n<\/div>\n<div class=\"o-cols__item\">\n<h2>Efekty stosowania:<\/h2>\n<ul>\n<li>wi\u0105zanie azotu atmosferycznego i udost\u0119pnianie go ro\u015blinom<\/li>\n<li>ograniczenie ilo\u015bci stosowanych nawoz\u00f3w azotowych<\/li>\n<li>poprawa plonowania ro\u015blin oraz upraw nast\u0119pczych<\/li>\n<li>stymulacja wzrostu i rozwoju ro\u015blin<\/li>\n<\/ul>\n<\/div>\n<p>&nbsp;<\/p>\n\n\n<figure class=\"wp-block-embed is-type-video is-provider-youtube wp-block-embed-youtube wp-embed-aspect-16-9 wp-has-aspect-ratio\"><div class=\"wp-block-embed__wrapper\">\n<iframe title=\"O nawo\u017ceniu azotem w sadach \u2013 innowacyjny produkt bakteryjny AzotoPower.\" width=\"800\" height=\"450\" src=\"https:\/\/www.youtube.com\/embed\/hd9cU8jNWrE?feature=oembed\" frameborder=\"0\" allow=\"accelerometer; autoplay; clipboard-write; encrypted-media; gyroscope; picture-in-picture; web-share\" referrerpolicy=\"strict-origin-when-cross-origin\" allowfullscreen><\/iframe>\n<\/div><\/figure>\n\n\n\n<p><\/p>\n","protected":false},"excerpt":{"rendered":"<p>AzotoPower AzotoPower.pl Udost\u0119pnia azot atmosferyczny ro\u015blinom &nbsp; Preparat AzotoPower zawiera bakterie z rodzaj\u00f3w\u00a0Azotobacter\u00a0i\u00a0Arthrobacter. S\u0105 to wolno\u017cyj\u0105ce, niesymbiotyczne mikroorganizmy bior\u0105ce udzia\u0142 w wi\u0105zaniu azotu atmosferycznego (N2). Zawarte w produkcie bakterie redukuj\u0105 &#8230;<\/p>\n","protected":false},"author":1,"featured_media":0,"parent":0,"menu_order":0,"comment_status":"closed","ping_status":"closed","template":"","meta":{"footnotes":""},"class_list":["post-241","page","type-page","status-publish","hentry"],"_links":{"self":[{"href":"https:\/\/e-ochronaroslin.pl\/index.php?rest_route=\/wp\/v2\/pages\/241","targetHints":{"allow":["GET"]}}],"collection":[{"href":"https:\/\/e-ochronaroslin.pl\/index.php?rest_route=\/wp\/v2\/pages"}],"about":[{"href":"https:\/\/e-ochronaroslin.pl\/index.php?rest_route=\/wp\/v2\/types\/page"}],"author":[{"embeddable":true,"href":"https:\/\/e-ochronaroslin.pl\/index.php?rest_route=\/wp\/v2\/users\/1"}],"replies":[{"embeddable":true,"href":"https:\/\/e-ochronaroslin.pl\/index.php?rest_route=%2Fwp%2Fv2%2Fcomments&post=241"}],"version-history":[{"count":2,"href":"https:\/\/e-ochronaroslin.pl\/index.php?rest_route=\/wp\/v2\/pages\/241\/revisions"}],"predecessor-version":[{"id":259,"href":"https:\/\/e-ochronaroslin.pl\/index.php?rest_route=\/wp\/v2\/pages\/241\/revisions\/259"}],"wp:attachment":[{"href":"https:\/\/e-ochronaroslin.pl\/index.php?rest_route=%2Fwp%2Fv2%2Fmedia&parent=241"}],"curies":[{"name":"wp","href":"https:\/\/api.w.org\/{rel}","templated":true}]}}