{"id":216,"date":"2025-10-09T13:48:26","date_gmt":"2025-10-09T11:48:26","guid":{"rendered":"https:\/\/e-ochronaroslin.pl\/?page_id=216"},"modified":"2025-10-13T15:34:15","modified_gmt":"2025-10-13T13:34:15","slug":"revitalpro-biogen","status":"publish","type":"page","link":"https:\/\/e-ochronaroslin.pl\/?page_id=216","title":{"rendered":"RewitalPRO+ od BIO-GEN"},"content":{"rendered":"<p><img fetchpriority=\"high\" decoding=\"async\" class=\"size-medium wp-image-135 alignleft\" src=\"http:\/\/e-ochronaroslin.pl\/wp-content\/uploads\/2025\/10\/xGroup-2826__FitWzUwNiw0OTZd.png.pagespeed.ic_.VGyfUVzlXo-300x300.webp\" alt=\"\" width=\"300\" height=\"300\" srcset=\"https:\/\/e-ochronaroslin.pl\/wp-content\/uploads\/2025\/10\/xGroup-2826__FitWzUwNiw0OTZd.png.pagespeed.ic_.VGyfUVzlXo-300x300.webp 300w, https:\/\/e-ochronaroslin.pl\/wp-content\/uploads\/2025\/10\/xGroup-2826__FitWzUwNiw0OTZd.png.pagespeed.ic_.VGyfUVzlXo-150x150.webp 150w\" sizes=\"(max-width: 300px) 100vw, 300px\" \/><\/p>\n<h1>RewitalPRO+<\/h1>\n<p><strong><span style=\"color: #339966;\">Zalecenia dla sadownictwa po zbiorze owoc\u00f3w :<\/span><\/strong><\/p>\n<p><strong><span style=\"color: #339966;\">1 &#8211; <\/span><\/strong><strong><span style=\"color: #339966;\">zabieg zaraz po zbiorze Mied\u017a + Zn+B\u00a0<\/span><\/strong><\/p>\n<p><strong><span style=\"color: #339966;\">2 &#8211; zabieg po 7-10 dniach RevitalPRO+ 1l + 3-5 kg mocznika\u00a0<\/span><\/strong><\/p>\n<p><strong>Rewitalizacja gleby i mineralizacja resztek po\u017cniwnych <span data-olk-copy-source=\"MessageBody\">z RewitalPRO+<\/span><\/strong><\/p>\n<p>Wprowadza do \u015brodowiska glebowego po\u017cyteczne mikroorganizmy, kt\u00f3re wp\u0142ywaj\u0105 na przywr\u00f3cenie r\u00f3wnowagi mikrobiologicznej. W wyniku jego stosowania nast\u0119puje regeneracja pod\u0142o\u017ca, a sk\u0142ad gleby ulega korzystnej modyfikacji. <span data-olk-copy-source=\"MessageBody\">Jego g\u0142\u00f3wnym dzia\u0142aniem w sadach jest mineralizacja i humifikacja materii organicznej zgromadzonej pod drzewami (li\u015bcie, resztki owoc\u00f3w, patyki), co ogranicza procesy butwienia i gnicia. Bakterie zawarte w produkcie RewitalPRO+, kolonizuj\u0105c ryzosfer\u0119, zajmuj\u0105 miejsce bakteriom patogennym, kt\u00f3re nie maj\u0105 ju\u017c miejsca na namna\u017canie si\u0119, co ogranicza ryzyko presji chor\u00f3b odglebowych w kolejnym sezonie. Ponadto k<\/span>orzystnie wp\u0142ywa na struktur\u0119 i w\u0142a\u015bciwo\u015bci powietrzno-wodne gleby, poprawiaj\u0105c jej \u017cyzno\u015b\u0107 i polepszaj\u0105c kondycj\u0119 ro\u015blin.<\/p>\n<p>&nbsp;<\/p>\n<p><strong>Rewital PRO+ charakteryzuje si\u0119 najbogatszym sk\u0142adem mikrobiologicznym spo\u015br\u00f3d preparat\u00f3w o podobnym zastosowaniu dost\u0119pnych na rynku<\/strong><\/p>\n<p><strong>Sk\u0142ad:<\/strong>\u00a0Preparat zawiera starannie wyselekcjonowane szczepy bakterii z kilku rodzaj\u00f3w o wysokiej koncentracji nie mniejszej ni\u017c 1 x 10\u2078 jtk\/g<\/p>\n<p><strong>Dawka:<\/strong>\u00a01 l\/ha<\/p>\n<div class=\"o-cols__item\">\n<h2>Stosowanie:<\/h2>\n<ul>\n<li><strong>Przed za\u0142o\u017ceniem sadu<\/strong>\u00a0&#8211; zabieg doglebowy<\/li>\n<li><b><span data-olk-copy-source=\"MessageBody\">Po zbiorach\u00a0<\/span><\/b>\u2013 zabieg doglebowy \/ nalistny<\/li>\n<\/ul>\n<p>Po aplikacji r\u00f3wnomiernie wymiesza\u0107 z gleb\u0105. Stosowa\u0107 przynajmniej raz w roku. Zabieg mo\u017cna powtarza\u0107 2-3 razy w okresie wegetacyjnym.<\/p>\n<\/div>\n<div class=\"o-cols__item\">\n<h2>Efekty stosowania:<\/h2>\n<ul>\n<li>przywraca zaburzon\u0105 r\u00f3wnowag\u0119 mikrobiologiczn\u0105 gleby<\/li>\n<li>przyspiesza mineralizacj\u0119 i humifikacj\u0119\u00a0<\/li>\n<li><span data-olk-copy-source=\"MessageBody\">materii organicznej <\/span>ogranicza procesy butwienia i gnicia<\/li>\n<li>poprawia \u017cyzno\u015b\u0107 gleby<\/li>\n<li>uruchamia reakcje biochemiczne maj\u0105ce istotny wp\u0142yw na transport makro- i mikroelement\u00f3w<\/li>\n<li>powoduje uwalnianie trudno dost\u0119pnych dla ro\u015blin sk\u0142adnik\u00f3w pokarmowych<\/li>\n<li>poprawia kondycj\u0119\u00a0<span data-olk-copy-source=\"MessageBody\">drzew owocowych<\/span><\/li>\n<li>ogranicza presj\u0119 chor\u00f3b odglebowych<\/li>\n<li>ogranicza przykre zapachy podczas nawo\u017cenia p\u00f3l uprawnych nawozami naturalnymi.<\/li>\n<\/ul>\n<\/div>\n\n\n<div class=\"wp-block-group\"><div class=\"wp-block-group__inner-container is-layout-constrained wp-block-group-is-layout-constrained\">\n<figure class=\"wp-block-embed is-type-video is-provider-youtube wp-block-embed-youtube wp-embed-aspect-16-9 wp-has-aspect-ratio\"><div class=\"wp-block-embed__wrapper\">\n<iframe title=\"Jak zwi\u0119kszy\u0107 atrakcyjno\u015b\u0107 gleby? - BIOGEN REWITAL PRO+\" width=\"800\" height=\"450\" src=\"https:\/\/www.youtube.com\/embed\/LuknF3g49KI?feature=oembed\" frameborder=\"0\" allow=\"accelerometer; autoplay; clipboard-write; encrypted-media; gyroscope; picture-in-picture; web-share\" referrerpolicy=\"strict-origin-when-cross-origin\" allowfullscreen><\/iframe>\n<\/div><\/figure>\n<\/div><\/div>\n\n\n\n<figure class=\"wp-block-embed is-type-video is-provider-youtube wp-block-embed-youtube wp-embed-aspect-16-9 wp-has-aspect-ratio\"><div class=\"wp-block-embed__wrapper\">\n<iframe title=\"Rekord plonu wi\u015bni \u2013 ZDROWOTNO\u015a\u0106 PLANTACJI #sadownictwo\" width=\"800\" height=\"450\" src=\"https:\/\/www.youtube.com\/embed\/sIT90grPMkM?feature=oembed\" frameborder=\"0\" allow=\"accelerometer; autoplay; clipboard-write; encrypted-media; gyroscope; picture-in-picture; web-share\" referrerpolicy=\"strict-origin-when-cross-origin\" allowfullscreen><\/iframe>\n<\/div><\/figure>\n","protected":false},"excerpt":{"rendered":"<p>RewitalPRO+ Zalecenia dla sadownictwa po zbiorze owoc\u00f3w : 1 &#8211; zabieg zaraz po zbiorze Mied\u017a + Zn+B\u00a0 2 &#8211; zabieg po 7-10 dniach RevitalPRO+ 1l + 3-5 kg mocznika\u00a0 Rewitalizacja &#8230;<\/p>\n","protected":false},"author":1,"featured_media":0,"parent":0,"menu_order":0,"comment_status":"closed","ping_status":"closed","template":"","meta":{"footnotes":""},"class_list":["post-216","page","type-page","status-publish","hentry"],"_links":{"self":[{"href":"https:\/\/e-ochronaroslin.pl\/index.php?rest_route=\/wp\/v2\/pages\/216","targetHints":{"allow":["GET"]}}],"collection":[{"href":"https:\/\/e-ochronaroslin.pl\/index.php?rest_route=\/wp\/v2\/pages"}],"about":[{"href":"https:\/\/e-ochronaroslin.pl\/index.php?rest_route=\/wp\/v2\/types\/page"}],"author":[{"embeddable":true,"href":"https:\/\/e-ochronaroslin.pl\/index.php?rest_route=\/wp\/v2\/users\/1"}],"replies":[{"embeddable":true,"href":"https:\/\/e-ochronaroslin.pl\/index.php?rest_route=%2Fwp%2Fv2%2Fcomments&post=216"}],"version-history":[{"count":4,"href":"https:\/\/e-ochronaroslin.pl\/index.php?rest_route=\/wp\/v2\/pages\/216\/revisions"}],"predecessor-version":[{"id":225,"href":"https:\/\/e-ochronaroslin.pl\/index.php?rest_route=\/wp\/v2\/pages\/216\/revisions\/225"}],"wp:attachment":[{"href":"https:\/\/e-ochronaroslin.pl\/index.php?rest_route=%2Fwp%2Fv2%2Fmedia&parent=216"}],"curies":[{"name":"wp","href":"https:\/\/api.w.org\/{rel}","templated":true}]}}